{"id":2,"date":"2017-04-12T13:53:22","date_gmt":"2017-04-12T13:53:22","guid":{"rendered":"http:\/\/toldisol.com.uy\/tol4pp\/?page_id=2"},"modified":"2021-11-05T08:41:29","modified_gmt":"2021-11-05T11:41:29","slug":"sample-page","status":"publish","type":"page","link":"http:\/\/toldisol.com.uy\/tol4pp\/","title":{"rendered":"Nuestra Empresa"},"content":{"rendered":"<div class=\"n2_ss_slider_publish__option_code\" dir=\"ltr\" data-mode=\"id\"><\/div>\n<p>.<\/p>\n<p>Bienvenidos a Toldisol<\/p>\n<p>Somos una empresa joven en el mercado pero con una basta experiencia formada en a\u00f1os de trabajar para empresas del ramo, estando en condiciones de ofrecerles un mejor servicio con atenci\u00f3n personalizada, escelente calidad y mejor precio como lo exige el mercado actual.<\/p>\n<p><em>Para esto contamos con un personal calificado y maquinaria de alta tecnolog\u00eda (herrer\u00eda, m\u00e1quinas, soldadura electr\u00f3nica, costura por hilos, plotter en vinilo importado, pintura, serigraf\u00eda).<\/em><\/p>\n<p>Nuestra misi\u00f3n es obtener un producto final de alta calidad junto con un paquete de servicios que satisfazgan sus necesidades a un costo accesible.<\/p>\n<p style=\"text-align: center;\"><em>ESTAMOS PARA SERVIRLO<\/em><\/p>\n<p style=\"text-align: center;\">\n<p style=\"text-align: center;\">\n<p style=\"text-align: center;\">.<\/p>\n","protected":false},"excerpt":{"rendered":"<div class=\"mh-excerpt\"><p>. Bienvenidos a Toldisol Somos una empresa joven en el mercado pero con una basta experiencia formada en a\u00f1os de trabajar para empresas del ramo, <a class=\"mh-excerpt-more\" href=\"http:\/\/toldisol.com.uy\/tol4pp\/\" title=\"Nuestra Empresa\">[&#8230;]<\/a><\/p>\n<\/div>","protected":false},"author":1,"featured_media":0,"parent":0,"menu_order":0,"comment_status":"closed","ping_status":"open","template":"","meta":{"footnotes":""},"class_list":["post-2","page","type-page","status-publish","hentry"],"_links":{"self":[{"href":"http:\/\/toldisol.com.uy\/tol4pp\/wp-json\/wp\/v2\/pages\/2","targetHints":{"allow":["GET"]}}],"collection":[{"href":"http:\/\/toldisol.com.uy\/tol4pp\/wp-json\/wp\/v2\/pages"}],"about":[{"href":"http:\/\/toldisol.com.uy\/tol4pp\/wp-json\/wp\/v2\/types\/page"}],"author":[{"embeddable":true,"href":"http:\/\/toldisol.com.uy\/tol4pp\/wp-json\/wp\/v2\/users\/1"}],"replies":[{"embeddable":true,"href":"http:\/\/toldisol.com.uy\/tol4pp\/wp-json\/wp\/v2\/comments?post=2"}],"version-history":[{"count":3,"href":"http:\/\/toldisol.com.uy\/tol4pp\/wp-json\/wp\/v2\/pages\/2\/revisions"}],"predecessor-version":[{"id":165,"href":"http:\/\/toldisol.com.uy\/tol4pp\/wp-json\/wp\/v2\/pages\/2\/revisions\/165"}],"wp:attachment":[{"href":"http:\/\/toldisol.com.uy\/tol4pp\/wp-json\/wp\/v2\/media?parent=2"}],"curies":[{"name":"wp","href":"https:\/\/api.w.org\/{rel}","templated":true}]}}